{"id":37305,"date":"2025-04-02T15:04:29","date_gmt":"2025-04-02T13:04:29","guid":{"rendered":"https:\/\/www.meychair.de\/produkt\/workster-basic-burodrehstuhl-one-79509\/"},"modified":"2026-03-08T03:18:41","modified_gmt":"2026-03-08T02:18:41","slug":"workster-basic-buerodrehstuhl-one-79509","status":"publish","type":"product","link":"https:\/\/www.meychair.de\/en\/product\/workster-basic-buerodrehstuhl-one-79509\/","title":{"rendered":"Workster Basic B\u00fcrodrehstuhl One-79509 <br>Hohe R\u00fcckenlehne, Armlehnen und 13-28"},"content":{"rendered":"<p>B\u00fcrodrehstuhl ONE mit mybtec; Stoff grau, B\u00fcrodrehstuhl One-CO Stoff grau<\/p>\n<p>Item no.: 79509<br \/>\nEAN no.: <\/p>\n","protected":false},"excerpt":{"rendered":"<p>B\u00fcrodrehstuhl ONE mit mybtec; Stoff grau, B\u00fcrodrehstuhl One-CO Stoff grau<\/p>\n","protected":false},"featured_media":37142,"comment_status":"closed","ping_status":"closed","template":"","meta":{"_acf_changed":false},"product_brand":[],"product_cat":[2016,542,2602,545,596,599,1963,2617],"product_tag":[],"class_list":{"0":"post-37305","1":"product","2":"type-product","3":"status-publish","4":"has-post-thumbnail","6":"product_cat-novelties","7":"product_cat-industry","8":"product_cat-work-chairs","9":"product_cat-workster-basic-en","10":"product_cat-office-en","11":"product_cat-office-chairs","12":"product_cat-sections","13":"product_cat-chairs","14":"pa_fuss-castors","15":"pa_fusskreuz-material-plastic","16":"pa_hinweis-all-dimensions-are-approximate","17":"pa_hoehenverstellung-lever-release","18":"pa_rueckenfunktionen-adjustable-in-depth","19":"pa_rueckenfunktionen-adjustable-in-height","20":"pa_sitzfunktionen-adjustable-in-height","21":"pa_sitzfunktionen-rotatable","22":"pa_sitzgarnitur-farbe-anthracite","23":"pa_sitzgarnitur-material-fabric","24":"pa_sitzhoehe-low","25":"pa_sitzhoehenverstellung-gas-spring","26":"pa_zertifikat-this-product-is-compliant-according-to-the-reach-regulation-of-the-european-union","28":"first","29":"instock","30":"purchasable","31":"product-type-simple"},"acf":[],"_links":{"self":[{"href":"https:\/\/www.meychair.de\/en\/wp-json\/wp\/v2\/product\/37305","targetHints":{"allow":["GET"]}}],"collection":[{"href":"https:\/\/www.meychair.de\/en\/wp-json\/wp\/v2\/product"}],"about":[{"href":"https:\/\/www.meychair.de\/en\/wp-json\/wp\/v2\/types\/product"}],"replies":[{"embeddable":true,"href":"https:\/\/www.meychair.de\/en\/wp-json\/wp\/v2\/comments?post=37305"}],"wp:featuredmedia":[{"embeddable":true,"href":"https:\/\/www.meychair.de\/en\/wp-json\/wp\/v2\/media\/37142"}],"wp:attachment":[{"href":"https:\/\/www.meychair.de\/en\/wp-json\/wp\/v2\/media?parent=37305"}],"wp:term":[{"taxonomy":"product_brand","embeddable":true,"href":"https:\/\/www.meychair.de\/en\/wp-json\/wp\/v2\/product_brand?post=37305"},{"taxonomy":"product_cat","embeddable":true,"href":"https:\/\/www.meychair.de\/en\/wp-json\/wp\/v2\/product_cat?post=37305"},{"taxonomy":"product_tag","embeddable":true,"href":"https:\/\/www.meychair.de\/en\/wp-json\/wp\/v2\/product_tag?post=37305"}],"curies":[{"name":"wp","href":"https:\/\/api.w.org\/{rel}","templated":true}]}}