{"id":35081,"date":"2023-07-24T09:06:50","date_gmt":"2023-07-24T07:06:50","guid":{"rendered":"https:\/\/www.meychair.de\/?post_type=product&#038;p=35081"},"modified":"2024-09-02T11:10:15","modified_gmt":"2024-09-02T09:10:15","slug":"material-stand-grey-40001","status":"publish","type":"product","link":"https:\/\/www.meychair.de\/en\/product\/material-stand-grey-40001\/","title":{"rendered":"material stand, grey-40001"},"content":{"rendered":"<p>Materialst\u00e4nder mit Apparaterollen und Gasfeder. Auflage in grau, Aluminium. Verstellbereich: 660-910 mm.   &nbsp; &#8211; Stahlfu\u00dfkreuz mit 5 Apparaterollen mit Feststeller &#8211; Platte 500 mm x 400 mm, wahlweise verzinkt oder enzianblau &#8211; H\u00f6henverstellung mittels Gasfeder oder Keilnut &#8211; Traglast 120 kg &#8211; Neigung der Arbeitsplatte von 0\u00b0 &#8211; 40\u00b0 EAN-Nr. 4260046928287  &nbsp;<\/p>\n<p>&nbsp;<\/p>\n","protected":false},"excerpt":{"rendered":"<p>Materialst\u00e4nder, grau<\/p>\n","protected":false},"featured_media":36862,"comment_status":"closed","ping_status":"closed","template":"","meta":{"_acf_changed":false},"product_brand":[],"product_cat":[2016,1963,1967],"product_tag":[1898],"class_list":{"0":"post-35081","1":"product","2":"type-product","3":"status-publish","4":"has-post-thumbnail","6":"product_cat-novelties","7":"product_cat-sections","8":"product_cat-accessories-section","9":"product_tag-music","10":"pa_fuss-castors","12":"first","13":"instock","14":"purchasable","15":"product-type-simple"},"acf":[],"_links":{"self":[{"href":"https:\/\/www.meychair.de\/en\/wp-json\/wp\/v2\/product\/35081","targetHints":{"allow":["GET"]}}],"collection":[{"href":"https:\/\/www.meychair.de\/en\/wp-json\/wp\/v2\/product"}],"about":[{"href":"https:\/\/www.meychair.de\/en\/wp-json\/wp\/v2\/types\/product"}],"replies":[{"embeddable":true,"href":"https:\/\/www.meychair.de\/en\/wp-json\/wp\/v2\/comments?post=35081"}],"wp:featuredmedia":[{"embeddable":true,"href":"https:\/\/www.meychair.de\/en\/wp-json\/wp\/v2\/media\/36862"}],"wp:attachment":[{"href":"https:\/\/www.meychair.de\/en\/wp-json\/wp\/v2\/media?parent=35081"}],"wp:term":[{"taxonomy":"product_brand","embeddable":true,"href":"https:\/\/www.meychair.de\/en\/wp-json\/wp\/v2\/product_brand?post=35081"},{"taxonomy":"product_cat","embeddable":true,"href":"https:\/\/www.meychair.de\/en\/wp-json\/wp\/v2\/product_cat?post=35081"},{"taxonomy":"product_tag","embeddable":true,"href":"https:\/\/www.meychair.de\/en\/wp-json\/wp\/v2\/product_tag?post=35081"}],"curies":[{"name":"wp","href":"https:\/\/api.w.org\/{rel}","templated":true}]}}