{"id":16656,"date":"2021-07-05T12:48:14","date_gmt":"2021-07-05T10:48:14","guid":{"rendered":"https:\/\/meychair.de\/impressum\/"},"modified":"2023-10-16T09:53:18","modified_gmt":"2023-10-16T07:53:18","slug":"supplier-identification","status":"publish","type":"page","link":"https:\/\/www.meychair.de\/en\/supplier-identification\/","title":{"rendered":"Supplier identification"},"content":{"rendered":"[vc_row type=&#8221;in_container&#8221; full_screen_row_position=&#8221;middle&#8221; column_margin=&#8221;default&#8221; column_direction=&#8221;default&#8221; column_direction_tablet=&#8221;default&#8221; column_direction_phone=&#8221;default&#8221; scene_position=&#8221;center&#8221; top_padding=&#8221;3%&#8221; bottom_padding=&#8221;3%&#8221; text_color=&#8221;dark&#8221; text_align=&#8221;left&#8221; row_border_radius=&#8221;none&#8221; row_border_radius_applies=&#8221;bg&#8221; overflow=&#8221;visible&#8221; overlay_strength=&#8221;0.3&#8243; gradient_direction=&#8221;left_to_right&#8221; shape_divider_position=&#8221;bottom&#8221; bg_image_animation=&#8221;none&#8221; shape_type=&#8221;&#8221;][vc_column column_padding=&#8221;no-extra-padding&#8221; column_padding_tablet=&#8221;inherit&#8221; column_padding_phone=&#8221;inherit&#8221; column_padding_position=&#8221;all&#8221; column_element_direction_desktop=&#8221;default&#8221; column_element_spacing=&#8221;default&#8221; desktop_text_alignment=&#8221;default&#8221; tablet_text_alignment=&#8221;default&#8221; phone_text_alignment=&#8221;default&#8221; background_color_opacity=&#8221;1&#8243; background_hover_color_opacity=&#8221;1&#8243; column_backdrop_filter=&#8221;none&#8221; column_shadow=&#8221;none&#8221; column_border_radius=&#8221;none&#8221; column_link_target=&#8221;_self&#8221; column_position=&#8221;default&#8221; gradient_direction=&#8221;left_to_right&#8221; overlay_strength=&#8221;0.3&#8243; width=&#8221;1\/1&#8243; tablet_width_inherit=&#8221;default&#8221; animation_type=&#8221;default&#8221; bg_image_animation=&#8221;none&#8221; border_type=&#8221;simple&#8221; column_border_width=&#8221;none&#8221; column_border_style=&#8221;solid&#8221; offset=&#8221;vc_col-lg-offset-1 vc_col-lg-10&#8243;][vc_column_text el_class=&#8221;mey-content-txt&#8221;]\n<h2>Thank you for your interest in our website<\/h2>\n<p>Mey SYSTEMS GmbH<br \/>\nMerlach 16<br \/>\n96145 Sesslach-Merlach<br \/>\nGermany<\/p>\n<p>Phone: 09567 9226-0<br \/>\nMail: info@meychair.de<\/p>\n<p>Managing Directors: Tobias Mey, Benedikt Mey<br \/>\nRegistered at Amtsgericht Coburg, HRB 3111<br \/>\nValue added tax registration number: DE812853763<\/p>\n<p>&nbsp;<\/p>\n<h3>Responsible according to \u00a7 18 MStV<\/h3>\n<p>Tobias Mey<br \/>\nMerlach 16<br \/>\n96145 Sesslach-Merlach<\/p>\n<p>&nbsp;<\/p>\n<h3>Online dispute resolution<\/h3>\n<p>The European Commission provides a platform for online dispute resolutions (ODR) which can be accessed at https:\/\/ec.europa.eu\/consumers\/odr\/ [https:\/\/ec.europa.eu\/consumers\/odr\/]. We are ready to participate in extra-judicial dispute settlement proceedings before a consumer dispute resolution body. The competent body in this matter is: Universalschlichtungsstelle des Bundes am Zentrum f\u00fcr Schlichtung e.V., Stra\u00dfburger Stra\u00dfe 8, 77694 Kehl am Rhein, www.verbraucher-schlichter.de [https:\/\/www.verbraucher-schlichter.de ].<\/p>\n<p><em>Impressum\u00a0erstellt mit dem\u00a0<a href=\"https:\/\/shop.trustedshops.com\/de\/\" target=\"_blank\" rel=\"noreferrer noopener\">Trusted Shops<\/a>\u00a0Rechtstexter in Kooperation mit\u00a0<a href=\"https:\/\/foehlisch.com\/\" target=\"_blank\" rel=\"noreferrer noopener\">F\u00d6HLISCH Rechtsanw\u00e4lte<\/a>.<\/em><\/p>\n<p>&nbsp;<\/p>\n<h3>Photo credit<\/h3>\n<p>\u00a9 meychair[\/vc_column_text][\/vc_column][\/vc_row]\n","protected":false},"excerpt":{"rendered":"<p>[vc_row type=&#8221;in_container&#8221; full_screen_row_position=&#8221;middle&#8221; column_margin=&#8221;default&#8221; column_direction=&#8221;default&#8221; column_direction_tablet=&#8221;default&#8221; column_direction_phone=&#8221;default&#8221; scene_position=&#8221;center&#8221; top_padding=&#8221;3%&#8221; bottom_padding=&#8221;3%&#8221; text_color=&#8221;dark&#8221; text_align=&#8221;left&#8221; row_border_radius=&#8221;none&#8221; row_border_radius_applies=&#8221;bg&#8221; overflow=&#8221;visible&#8221; overlay_strength=&#8221;0.3&#8243; gradient_direction=&#8221;left_to_right&#8221; shape_divider_position=&#8221;bottom&#8221; bg_image_animation=&#8221;none&#8221; shape_type=&#8221;&#8221;][vc_column column_padding=&#8221;no-extra-padding&#8221; column_padding_tablet=&#8221;inherit&#8221; column_padding_phone=&#8221;inherit&#8221; column_padding_position=&#8221;all&#8221; column_element_direction_desktop=&#8221;default&#8221;&#8230;<\/p>\n","protected":false},"author":6,"featured_media":0,"parent":0,"menu_order":0,"comment_status":"closed","ping_status":"closed","template":"","meta":{"_acf_changed":false,"footnotes":""},"class_list":["post-16656","page","type-page","status-publish"],"acf":[],"_links":{"self":[{"href":"https:\/\/www.meychair.de\/en\/wp-json\/wp\/v2\/pages\/16656","targetHints":{"allow":["GET"]}}],"collection":[{"href":"https:\/\/www.meychair.de\/en\/wp-json\/wp\/v2\/pages"}],"about":[{"href":"https:\/\/www.meychair.de\/en\/wp-json\/wp\/v2\/types\/page"}],"author":[{"embeddable":true,"href":"https:\/\/www.meychair.de\/en\/wp-json\/wp\/v2\/users\/6"}],"replies":[{"embeddable":true,"href":"https:\/\/www.meychair.de\/en\/wp-json\/wp\/v2\/comments?post=16656"}],"version-history":[{"count":1,"href":"https:\/\/www.meychair.de\/en\/wp-json\/wp\/v2\/pages\/16656\/revisions"}],"predecessor-version":[{"id":36216,"href":"https:\/\/www.meychair.de\/en\/wp-json\/wp\/v2\/pages\/16656\/revisions\/36216"}],"wp:attachment":[{"href":"https:\/\/www.meychair.de\/en\/wp-json\/wp\/v2\/media?parent=16656"}],"curies":[{"name":"wp","href":"https:\/\/api.w.org\/{rel}","templated":true}]}}